{"id":37,"date":"2019-02-17T22:06:59","date_gmt":"2019-02-17T21:06:59","guid":{"rendered":"https:\/\/www.starke-nachbarschaften.de\/?page_id=37"},"modified":"2019-02-20T21:20:51","modified_gmt":"2019-02-20T20:20:51","slug":"zuhoeren-aufnehmen-umsetzen","status":"publish","type":"page","link":"https:\/\/www.starke-nachbarschaften.de\/?page_id=37","title":{"rendered":"Zuh\u00f6ren | Aufnehmen | Umsetzen"},"content":{"rendered":"\n<p>Die inhaltliche Arbeit von &#8222;Starke Nachbarschaften durch aktive  Beteiligung&#8220; wird bestimmt durch die Themen, die in pers\u00f6nlichen  Gespr\u00e4chen im &#8222;<a href=\"#prozess\">Zuh\u00f6rprozesse<\/a>&#8220;  mit den Menschen der Stadtteile benannt werden. Aus der Vielzahl der  Themen werden in demokratischer Abstimmung Schwerpunkte f\u00fcr die n\u00e4chsten  Aktionen und Projekte gesetzt. Um die ausgew\u00e4hlten Ziele zu erreichen, werden methodische Ans\u00e4tze des <a href=\"#community\">Community Organizing<\/a> genutzt.<br> <br>Folgende Zuh\u00f6rprozesse fanden bereits statt: <\/p>\n\n\n\n<ul><li>2010 im Leipziger Norden:<br><a rel=\"noreferrer noopener\" aria-label=\"Zusammenstellung der Themenschwerpunkte (\u00f6ffnet in neuem Tab)\" href=\"https:\/\/starke-nachbarschaften.de\/wp-content\/uploads\/2019\/02\/Themen_Termine.pdf\" target=\"_blank\">Zusammenstellung der Themenschwerpunkte<\/a><br> <\/li><li>2013 im Stadtteil Gohlis:<br><a rel=\"noreferrer noopener\" aria-label=\" (\u00f6ffnet in neuem Tab)\" href=\"https:\/\/starke-nachbarschaften.de\/wp-content\/uploads\/2019\/02\/th_zu_2013.pdf\" target=\"_blank\">Zusammenstellung der Themenschwerpunkte<\/a><\/li><\/ul>\n\n\n\n<a href=\"wp-content\/uploads\/2019\/02\/co.avi\" target=\"_blank\"><img loading=\"lazy\" src=\"wp-content\/uploads\/2019\/02\/co_video.jpg\" alt=\"\" width=\"350\" height=\"249\" border=\"0\"><\/a>\n\n\n\n<p style=\"text-align:left\">Warum Community Organizing? &#8211; Antworten aus Leipzig und Katowice (Polen) bei Workshops im Juni 2014 <\/p>\n\n\n\n<p><strong><a name=\"prozess\">Zuh\u00f6rprozess<\/a><\/strong><br><br>Um die Probleme und Visionen der B\u00fcrgerinnen und B\u00fcrger im Stadtteil zu  erfahren, wird in einem ersten Schritt eine systematische, aktivierende  Befragung in Einzelgespr\u00e4chen (&#8222;Listening Prozess&#8220;) durchgef\u00fchrt.  <br><br>Danach werden die Schwerpunkte der Themen durch die B\u00fcrgerInnen  ausgew\u00e4hlt, nach Dringlichkeit bzw. Machbarkeit geordnet und gemeinsam  bearbeitet. <\/p>\n\n\n\n<p><strong><a name=\"community\" class=\"mce-item-anchor\">Community Organizing<\/a><\/strong><br><br>Community Organizing (Abk. &#8222;CO&#8220;) ist ein Sammelbegriff f\u00fcr verschiedene  amerikanische Ans\u00e4tze der B\u00fcrgerorganisation in Stadtteilen. Es zielt  auf langfristige und kontinuierliche Ver\u00e4nderung der Lebensqualit\u00e4t im  Gemeinwesen und baut als Basis daf\u00fcr eine tragf\u00e4hige B\u00fcrgerorganisation  auf. Dazu wird zu Beginn ein Gr\u00fcnderkreis mit Schl\u00fcsselpersonen aus bis  zu 50 wichtigen Organisationen der Ortsteile oder auch Privatpersonen  gebildet.  <br><br>Die Grundlage der Themenfindung bildet eine Vielzahl von  Einzelgespr\u00e4chen. Die Methode CO besteht darin, eine gro\u00dfe Anzahl von  Menschen aktiv in die nachhaltige L\u00f6sung von Problemen der Nachbarschaft  bzw. der Gemeinde einzubeziehen. Dabei zielt CO aber weniger auf  individuelle Hilfen. Es will vielmehr gemeinschaftliches Handeln und  Solidarit\u00e4t entwickeln helfen und zur Interessenartikulation bef\u00e4higen. <br><br>Der Prozess von Community Organizing kann zusammenfassend in drei  Schritten beschrieben werden: Im ersten Schritt ist die Durchf\u00fchrung  einer systematischen, aktivierenden Befragung (&#8222;Listening Prozess&#8220;)  angedacht, mit der vorhandene Probleme festgestellt, Schwerpunkte durch  die B\u00fcrgerInnen ausgew\u00e4hlt und nach Dringlichkeit bzw. Machbarkeit  zugeordnet werden. Der zweite Schritt besteht aus der Durchf\u00fchrung von  Recherchen und Situationsanalysen, um m\u00f6gliche L\u00f6sungen f\u00fcr die  vorhandenen Probleme zu finden. Letztendlich liegt der dritte  Schwerpunkt auf der Durchf\u00fchrung von geeigneten Aktionen und Ma\u00dfnahmen,  um die Probleme entweder durch Selbsthilfe oder durch die Einbeziehung  \u00f6ffentlicher Einrichtungen oder anderer Stellen zu l\u00f6sen. <br><\/p>\n","protected":false},"excerpt":{"rendered":"Die inhaltliche Arbeit von &#8222;Starke Nachbarschaften durch aktive Beteiligung&#8220; wird bestimmt durch die Themen, die in pers\u00f6nlichen Gespr\u00e4chen im &#8222;Zuh\u00f6rprozesse&#8220; mit den Menschen der Stadtteile benannt werden. Aus der Vielzahl der Themen werden in demokratischer Abstimmung Schwerpunkte f\u00fcr die n\u00e4chsten Aktionen und Projekte gesetzt. Um die ausgew\u00e4hlten Ziele zu erreichen, werden methodische Ans\u00e4tze des Community&#8230; <a class=\"view-article\" href=\"https:\/\/www.starke-nachbarschaften.de\/?page_id=37\">View Article<\/a>","protected":false},"author":1,"featured_media":0,"parent":0,"menu_order":0,"comment_status":"closed","ping_status":"closed","template":"","meta":[],"_links":{"self":[{"href":"https:\/\/www.starke-nachbarschaften.de\/index.php?rest_route=\/wp\/v2\/pages\/37"}],"collection":[{"href":"https:\/\/www.starke-nachbarschaften.de\/index.php?rest_route=\/wp\/v2\/pages"}],"about":[{"href":"https:\/\/www.starke-nachbarschaften.de\/index.php?rest_route=\/wp\/v2\/types\/page"}],"author":[{"embeddable":true,"href":"https:\/\/www.starke-nachbarschaften.de\/index.php?rest_route=\/wp\/v2\/users\/1"}],"replies":[{"embeddable":true,"href":"https:\/\/www.starke-nachbarschaften.de\/index.php?rest_route=%2Fwp%2Fv2%2Fcomments&post=37"}],"version-history":[{"count":8,"href":"https:\/\/www.starke-nachbarschaften.de\/index.php?rest_route=\/wp\/v2\/pages\/37\/revisions"}],"predecessor-version":[{"id":252,"href":"https:\/\/www.starke-nachbarschaften.de\/index.php?rest_route=\/wp\/v2\/pages\/37\/revisions\/252"}],"wp:attachment":[{"href":"https:\/\/www.starke-nachbarschaften.de\/index.php?rest_route=%2Fwp%2Fv2%2Fmedia&parent=37"}],"curies":[{"name":"wp","href":"https:\/\/api.w.org\/{rel}","templated":true}]}}